{"id":274656,"date":"2022-02-15T08:54:57","date_gmt":"2022-02-15T06:54:57","guid":{"rendered":"https:\/\/balmed.ee\/?page_id=274656"},"modified":"2023-02-22T13:13:30","modified_gmt":"2023-02-22T11:13:30","slug":"job-offers","status":"publish","type":"page","link":"https:\/\/balmed.ee\/en\/job-offers\/","title":{"rendered":"Job offers"},"content":{"rendered":"<p>[et_pb_section fb_built=&#8221;1&#8243; fullwidth=&#8221;on&#8221; _builder_version=&#8221;4.16&#8243; _module_preset=&#8221;default&#8221; global_colors_info=&#8221;{}&#8221;][et_pb_fullwidth_image src=&#8221;https:\/\/balmed.ee\/wp-content\/uploads\/2022\/03\/balmed_koduleht14.jpg&#8221; title_text=&#8221;balmed_koduleht14&#8243; _builder_version=&#8221;4.16&#8243; _module_preset=&#8221;default&#8221; global_colors_info=&#8221;{}&#8221;][\/et_pb_fullwidth_image][\/et_pb_section][et_pb_section fb_built=&#8221;1&#8243; _builder_version=&#8221;4.16&#8243; _module_preset=&#8221;default&#8221; background_color=&#8221;RGBA(255,255,255,0)&#8221; transform_scale_linked=&#8221;off&#8221; custom_margin=&#8221;||||false|false&#8221; custom_padding=&#8221;0px||0px||true|false&#8221; global_colors_info=&#8221;{}&#8221;][et_pb_row column_structure=&#8221;1_3,2_3&#8243; use_custom_gutter=&#8221;on&#8221; gutter_width=&#8221;1&#8243; make_equal=&#8221;on&#8221; _builder_version=&#8221;4.16&#8243; _module_preset=&#8221;default&#8221; background_color=&#8221;#296FB2&#8243; transform_scale_tablet=&#8221;&#8221; transform_scale_phone=&#8221;&#8221; transform_scale_last_edited=&#8221;on|desktop&#8221; transform_translate=&#8221;0px|-50%&#8221; transform_translate_tablet=&#8221;0px|-14%&#8221; transform_translate_phone=&#8221;0px|-8%&#8221; transform_translate_last_edited=&#8221;on|tablet&#8221; transform_translate_linked=&#8221;off&#8221; transform_rotate_tablet=&#8221;&#8221; transform_rotate_phone=&#8221;&#8221; transform_rotate_last_edited=&#8221;on|desktop&#8221; transform_skew_tablet=&#8221;&#8221; transform_skew_phone=&#8221;&#8221; transform_skew_last_edited=&#8221;on|desktop&#8221; transform_origin_tablet=&#8221;&#8221; transform_origin_phone=&#8221;&#8221; transform_origin_last_edited=&#8221;on|desktop&#8221; transform_styles_last_edited=&#8221;on|desktop&#8221; custom_margin=&#8221;||-6%||false|false&#8221; custom_padding=&#8221;0px||0px||true|false&#8221; transform_styles_tablet=&#8221;&#8221; transform_styles_phone=&#8221;&#8221; box_shadow_style=&#8221;preset3&#8243; global_colors_info=&#8221;{}&#8221;][et_pb_column type=&#8221;1_3&#8243; _builder_version=&#8221;4.16&#8243; _module_preset=&#8221;default&#8221; background_image=&#8221;https:\/\/balmed.ee\/wp-content\/uploads\/2022\/03\/shutterstock_143707477.jpg&#8221; global_colors_info=&#8221;{}&#8221;][\/et_pb_column][et_pb_column type=&#8221;2_3&#8243; _builder_version=&#8221;4.16&#8243; _module_preset=&#8221;default&#8221; global_colors_info=&#8221;{}&#8221;][et_pb_text _builder_version=&#8221;4.16&#8243; _module_preset=&#8221;default&#8221; background_layout=&#8221;dark&#8221; custom_padding=&#8221;60px|40px|24px|40px|false|true&#8221; custom_padding_tablet=&#8221;60px|40px||40px|false|true&#8221; custom_padding_phone=&#8221;20px|20px|0px|20px|false|true&#8221; custom_padding_last_edited=&#8221;on|phone&#8221; global_colors_info=&#8221;{}&#8221;]<\/p>\n<h2>Discover Balmed! <\/h2>\n<p>[\/et_pb_text][et_pb_text _builder_version=&#8221;4.19.5&#8243; _module_preset=&#8221;default&#8221; background_layout=&#8221;dark&#8221; custom_padding=&#8221;|40px|20px|40px|false|true&#8221; custom_padding_tablet=&#8221;|40px||40px|true|true&#8221; custom_padding_phone=&#8221;|20px|20px|20px|false|true&#8221; custom_padding_last_edited=&#8221;on|phone&#8221; global_colors_info=&#8221;{}&#8221;]<\/p>\n<p>Thanks to the constant improvements in methods and technology, we are able to offer medical services to more and more people, improving their health and quality of life.<\/p>\n<p>We sell modern devices to medical institutions and carry out training for using new technology.<\/p>\n<p>In order to fulfil these important tasks, we need a strong team.<\/p>\n<p>[\/et_pb_text][et_pb_button button_url=&#8221;#form&#8221; button_text=&#8221;Apply&#8221; _builder_version=&#8221;4.19.5&#8243; _module_preset=&#8221;default&#8221; background_layout=&#8221;dark&#8221; custom_margin=&#8221;|40px|40px|40px|false|true&#8221; custom_margin_tablet=&#8221;|40px|40px|40px|false|true&#8221; custom_margin_phone=&#8221;|20px|20px|20px|false|true&#8221; custom_margin_last_edited=&#8221;on|phone&#8221; global_colors_info=&#8221;{}&#8221;][\/et_pb_button][et_pb_image src=&#8221;https:\/\/balmed.ee\/wp-content\/uploads\/2022\/03\/shutterstock_143707477.jpg&#8221; title_text=&#8221;shutterstock_143707477&#8243; disabled_on=&#8221;off|off|on&#8221; _builder_version=&#8221;4.16&#8243; _module_preset=&#8221;default&#8221; global_colors_info=&#8221;{}&#8221;][\/et_pb_image][\/et_pb_column][\/et_pb_row][et_pb_row disabled_on=&#8221;off|off|off&#8221; _builder_version=&#8221;4.16&#8243; _module_preset=&#8221;default&#8221; global_colors_info=&#8221;{}&#8221;][et_pb_column type=&#8221;4_4&#8243; _builder_version=&#8221;4.16&#8243; _module_preset=&#8221;default&#8221; global_colors_info=&#8221;{}&#8221;][et_pb_text _builder_version=&#8221;4.16&#8243; _module_preset=&#8221;default&#8221; global_colors_info=&#8221;{}&#8221;]Each employee brings unique talents, qualities, knowledge and experience, whether through direct contact with patients or from behind the scenes. Each day we take steps towards finding ever better solutions for our patients.<\/p>\n<p>If this is something you are interested in, join our team! Send your CV to info@balmed.ee[\/et_pb_text][dvppl_cf7_styler cf7=&#8221;274704&#8243; disabled_on=&#8221;off|off|off&#8221; _builder_version=&#8221;4.16&#8243; _module_preset=&#8221;default&#8221; custom_submit_button=&#8221;on&#8221; submit_button_text_color=&#8221;#FFFFFF&#8221; submit_button_bg_color=&#8221;#296FB2&#8243; submit_button_border_color=&#8221;#296FB2&#8243; global_colors_info=&#8221;{}&#8221;][\/dvppl_cf7_styler][\/et_pb_column][\/et_pb_row][et_pb_row disabled_on=&#8221;off|off|off&#8221; _builder_version=&#8221;4.16&#8243; _module_preset=&#8221;default&#8221; global_colors_info=&#8221;{}&#8221;][et_pb_column type=&#8221;4_4&#8243; _builder_version=&#8221;4.16&#8243; _module_preset=&#8221;default&#8221; global_colors_info=&#8221;{}&#8221;][et_pb_text disabled_on=&#8221;off|off|off&#8221; _builder_version=&#8221;4.19.5&#8243; _module_preset=&#8221;default&#8221; global_colors_info=&#8221;{}&#8221;]<\/p>\n<h3>Vacancies<\/h3>\n<p>[\/et_pb_text][et_pb_toggle title=&#8221;Sales specialist&#8221; open_toggle_text_color=&#8221;#296FB2&#8243; admin_label=&#8221;Sales specialist&#8221; _builder_version=&#8221;4.19.5&#8243; _module_preset=&#8221;default&#8221; title_text_color=&#8221;#296FB2&#8243; title_font=&#8221;|700|||||||&#8221; border_width_all=&#8221;2px&#8221; border_color_all=&#8221;#296FB2&#8243; global_colors_info=&#8221;{}&#8221; disabled_on=&#8221;off|off|off&#8221;]<\/p>\n<h4>Do you want to join the Medical Sales world?<\/h4>\n<p><strong>Baltic Lasers is looking for a sales manager who is:<\/strong><br \/>\n&#8211; a skilled analytical thinker<br \/>\n&#8211; fluent in Estonian, English and Russian (proficiency in Finnish is an advantage)<br \/>\n&#8211; experienced in sales<br \/>\n&#8211; friendly and can find common ground with any client<\/p>\n<p><strong>For Baltic Lasers employees we offer:<\/strong><br \/>\n&#8211; Work in one of the most famous companies in the field of medical equipment sales in the Baltics<br \/>\n&#8211; Motivational and competitive bonus system (you can earn up to 3500-4500 euros per month)<br \/>\n&#8211; Interesting work in an international environment with the world&#8217;s leading brands<br \/>\n&#8211; Training from our partners from Italy, Israel, Germany, etc<br \/>\n&#8211; Work in the field of medicine is versatile and always in demand<br \/>\n&#8211; Discounts for services in all the clinics of our group[\/et_pb_toggle][et_pb_toggle title=&#8221;Administrator&#8221; _builder_version=&#8221;4.19.5&#8243; _module_preset=&#8221;default&#8221; global_colors_info=&#8221;{}&#8221; disabled_on=&#8221;on|on|on&#8221; disabled=&#8221;on&#8221;]<\/p>\n<h4>Kas Sina oled see klienditeenindaja, keda vipMedicum otsib?<\/h4>\n<p><strong>Peamised t\u00f6\u00f6\u00fclesanded:<\/strong><br \/>\n-klientide professionaalne, s\u00f5bralik ja kiire teenindamine<br \/>\n-kassaarveldused<br \/>\n-telefonile ja meilidele vastamine<br \/>\n-ilukliiniku teenuste ja toodete m\u00fc\u00fck<\/p>\n<p><strong>Ootused kandidaadile:<\/strong><br \/>\n-eesti, vene ja inglise keele oskus<br \/>\n-hea suhtlemisoskus<br \/>\n-v\u00e4hemalt 1-aastane kogemus klienditeenindamise valdkonnas<br \/>\n-esinduslik v\u00e4limus<br \/>\n-iseseisvus ja vastutusv\u00f5ime<\/p>\n<p><strong>Omalt poolt pakume:<\/strong><br \/>\n-v\u00e4lja\u00f5pet enne t\u00f6\u00f6le asumist<br \/>\n-paindlikku t\u00f6\u00f6graafikut<br \/>\n-arenemisv\u00f5imalusi<br \/>\n-firmasiseseid soodustusi<br \/>\n-firma\u00fcritusi<br \/>\n-boonuseid lisaks p\u00f5hipalgale[\/et_pb_toggle][et_pb_toggle title=&#8221;Cosmetologist&#8221; _builder_version=&#8221;4.19.5&#8243; _module_preset=&#8221;default&#8221; global_colors_info=&#8221;{}&#8221; disabled_on=&#8221;on|on|on&#8221; disabled=&#8221;on&#8221;]<\/p>\n<h4>Esteetilise meditsiini kliinik vipMedicum tegutseb Tallinna kesklinnas juba 13 aastat.<\/h4>\n<p><strong>Peamised t\u00f6\u00f6\u00fclesanded:<\/strong><br \/>\n-Klientidele kosmeetiliste ja mittekirurgiliste meditsiiniteenuste osutamine ilukliinikus vipMedicum<br \/>\n-Klientide abistamine ja n\u00f5ustamine<br \/>\n-Toodete m\u00fc\u00fck ja tutvustamine <\/p>\n<p><strong>N\u00f5udmised kandidaadile:<\/strong><br \/>\n-Varasem t\u00f6\u00f6kogemus kosmeetikuna\/\u00f5ena<br \/>\n-Meditsiiniline erialane haridus<br \/>\n-Hea suhtlemisoskus ja r\u00f5\u00f5msameelsus<br \/>\n-Kohusetunne, usaldusv\u00e4\u00e4rsus, hea pingetaluvus, paindlikkus ning soov t\u00f6\u00f6tada suures kollektiivis<br \/>\n-Hea eesti, vene ja inglise keele oskus<br \/>\n-Kuulutus aktiive nii naistele kui ka meestele<\/p>\n<p> <strong>Omalt poolt pakume:<\/strong><br \/>\n-Kaasaegseid ning mugavaid t\u00f6\u00f6tingimusi kesklinnas<br \/>\n-Firma poolt tasuta parkimisv\u00f5imalusi<br \/>\n-V\u00e4lja\u00f5pe nii kohapeal kui ka v\u00e4lismaal<br \/>\n-Pikaajalist, stabiilset t\u00f6\u00f6suhet<br \/>\n-Eneset\u00e4iendamise v\u00f5imalusi<br \/>\n-Konkurentsiv\u00f5imelist ning garanteeritud p\u00f5hipalka + tulemusliku t\u00f6\u00f6 eest v\u00e4\u00e4rikat boonuspalka[\/et_pb_toggle][et_pb_toggle title=&#8221;Operating room assistant&#8221; _builder_version=&#8221;4.19.5&#8243; _module_preset=&#8221;default&#8221; global_colors_info=&#8221;{}&#8221; disabled_on=&#8221;on|on|on&#8221; disabled=&#8221;on&#8221;]<strong>Peamised t\u00f6\u00f6\u00fclesanded:<\/strong><br \/>\n&#8211; operatsiooni\u00f5e assisteerimine<br \/>\n&#8211; meditsiiniliste instrumentide korrashoid<br \/>\n&#8211; operatsioonisaali korrashoid <\/p>\n<p><strong>Ootused kandidaadile:<\/strong><br \/>\n&#8211; erialane t\u00f6\u00f6kogemus<br \/>\n&#8211; eesti ja vene keele oskus<br \/>\n&#8211; iseseisvus ja vastutusv\u00f5ime<\/p>\n<p> <strong>Omalt poolt pakume:<\/strong><br \/>\n&#8211; v\u00e4lja\u00f5pet enne t\u00f6\u00f6le asumist<br \/>\n&#8211; paindlikku t\u00f6\u00f6graafikut<br \/>\n&#8211; arenemisv\u00f5imalusi<br \/>\n&#8211; firmasiseseid soodustusi<br \/>\n&#8211; firma\u00fcritusi[\/et_pb_toggle][et_pb_toggle title=&#8221;Medical pedicure specialist&#8221; admin_label=&#8221;Medical pedicure specialist&#8221; _builder_version=&#8221;4.19.5&#8243; _module_preset=&#8221;default&#8221; global_colors_info=&#8221;{}&#8221; disabled_on=&#8221;on|on|on&#8221; disabled=&#8221;on&#8221;]<strong>Peamised t\u00f6\u00f6\u00fclesanded:<\/strong><br \/>\n&#8211; kvaliteetse pedik\u00fc\u00fcriteenuse pakkumine<br \/>\n&#8211; meditsiiniliste instrumentide steriliseerimine  <\/p>\n<p><strong>Ootused kandidaadile:<\/strong><br \/>\n&#8211; varasem erialane t\u00f6\u00f6kogemus<br \/>\n&#8211; oskus t\u00f6\u00f6tada probleemsete jalgadega<br \/>\n&#8211; eesti ja vene keele oskus<br \/>\n&#8211; iseseisvus ja vastutusv\u00f5ime<\/p>\n<p> <strong>Omalt poolt pakume:<\/strong><br \/>\n&#8211; v\u00e4lja\u00f5pet enne t\u00f6\u00f6le asumist<br \/>\n&#8211; paindlikku t\u00f6\u00f6graafikut<br \/>\n&#8211; arenemisv\u00f5imalusi<br \/>\n&#8211; firmasiseseid soodustusi<br \/>\n&#8211; firma\u00fcritusi[\/et_pb_toggle][et_pb_toggle title=&#8221;Operating room nurse&#8221; admin_label=&#8221;Operating room nurse&#8221; _builder_version=&#8221;4.19.5&#8243; _module_preset=&#8221;default&#8221; global_colors_info=&#8221;{}&#8221; disabled_on=&#8221;on|on|on&#8221; disabled=&#8221;on&#8221;]<strong>Peamised t\u00f6\u00f6\u00fclesanded:<\/strong><br \/>\n&#8211; arsti assisteerimine<br \/>\n&#8211; operatsioonij\u00e4rgse kontrolli l\u00e4biviimine<\/p>\n<p><strong>Ootused kandidaadile:<\/strong><br \/>\n&#8211; \u00f5endusalane haridus<br \/>\n&#8211; erialane t\u00f6\u00f6kogemus<br \/>\n&#8211; eesti ja vene keele oskus<br \/>\n&#8211; iseseisvus ja vastutusv\u00f5ime<\/p>\n<p> <strong>Omalt poolt pakume:<\/strong><br \/>\n&#8211; v\u00e4lja\u00f5pet enne t\u00f6\u00f6le asumist<br \/>\n&#8211; paindlikku t\u00f6\u00f6graafikut<br \/>\n&#8211; arenemisv\u00f5imalusi<br \/>\n&#8211; firmasiseseid soodustusi<br \/>\n&#8211; firma\u00fcritusi[\/et_pb_toggle][\/et_pb_column][\/et_pb_row][et_pb_row column_structure=&#8221;1_2,1_2&#8243; disabled_on=&#8221;off|off|off&#8221; _builder_version=&#8221;4.16&#8243; _module_preset=&#8221;default&#8221; global_colors_info=&#8221;{}&#8221;][et_pb_column type=&#8221;1_2&#8243; _builder_version=&#8221;4.16&#8243; _module_preset=&#8221;default&#8221; global_colors_info=&#8221;{}&#8221;][dvppl_cf7_styler cf7=&#8221;274705&#8243; form_field_padding=&#8221;10px|15px||15px|false|false&#8221; form_label_spacing=&#8221;3px&#8221; module_id=&#8221;form&#8221; module_class=&#8221;vakansy-form&#8221; _builder_version=&#8221;4.19.5&#8243; _module_preset=&#8221;default&#8221; custom_submit_button=&#8221;on&#8221; submit_button_text_color=&#8221;#FFFFFF&#8221; submit_button_bg_color=&#8221;#296FB2&#8243; submit_button_border_color=&#8221;#296FB2&#8243; global_colors_info=&#8221;{}&#8221;][\/dvppl_cf7_styler][\/et_pb_column][et_pb_column type=&#8221;1_2&#8243; _builder_version=&#8221;4.16&#8243; _module_preset=&#8221;default&#8221; global_colors_info=&#8221;{}&#8221;][\/et_pb_column][\/et_pb_row][\/et_pb_section]<\/p>\n","protected":false},"excerpt":{"rendered":"<p>Discover Balmed! Thanks to the constant improvements in methods and technology, we are able to offer medical services to more and more people, improving their health and quality of life. We sell modern devices to medical institutions and carry out training for using new technology. In order to fulfil these important tasks, we need a [&hellip;]<\/p>\n","protected":false},"author":2,"featured_media":0,"parent":0,"menu_order":0,"comment_status":"closed","ping_status":"closed","template":"","meta":{"_et_pb_use_builder":"on","_et_pb_old_content":"[et_pb_section fb_built=\"1\" fullwidth=\"on\" _builder_version=\"4.14.8\" _module_preset=\"default\" global_colors_info=\"{}\"][et_pb_fullwidth_image src=\"https:\/\/balmed.ee\/wp-content\/uploads\/2022\/03\/balmed_koduleht14.jpg\" title_text=\"balmed_koduleht14\" _builder_version=\"4.14.8\" _module_preset=\"default\" global_colors_info=\"{}\"][\/et_pb_fullwidth_image][\/et_pb_section][et_pb_section fb_built=\"1\" _builder_version=\"4.14.8\" _module_preset=\"default\" background_color=\"RGBA(255,255,255,0)\" transform_scale_linked=\"off\" custom_margin=\"||||false|false\" custom_padding=\"0px||0px||true|false\" global_colors_info=\"{}\"][et_pb_row column_structure=\"1_3,2_3\" use_custom_gutter=\"on\" gutter_width=\"1\" make_equal=\"on\" _builder_version=\"4.14.8\" _module_preset=\"default\" background_color=\"#296FB2\" transform_scale_tablet=\"\" transform_scale_phone=\"\" transform_scale_last_edited=\"on|desktop\" transform_translate=\"0px|-50%\" transform_translate_tablet=\"0px|-14%\" transform_translate_phone=\"0px|-8%\" transform_translate_last_edited=\"on|tablet\" transform_translate_linked=\"off\" transform_rotate_tablet=\"\" transform_rotate_phone=\"\" transform_rotate_last_edited=\"on|desktop\" transform_skew_tablet=\"\" transform_skew_phone=\"\" transform_skew_last_edited=\"on|desktop\" transform_origin_tablet=\"\" transform_origin_phone=\"\" transform_origin_last_edited=\"on|desktop\" transform_styles_last_edited=\"on|desktop\" custom_margin=\"||-6%||false|false\" custom_padding=\"0px||0px||true|false\" transform_styles_tablet=\"\" transform_styles_phone=\"\" box_shadow_style=\"preset3\" global_colors_info=\"{}\"][et_pb_column type=\"1_3\" _builder_version=\"4.14.8\" _module_preset=\"default\" background_image=\"https:\/\/balmed.ee\/wp-content\/uploads\/2022\/03\/shutterstock_143707477.jpg\" global_colors_info=\"{}\"][\/et_pb_column][et_pb_column type=\"2_3\" _builder_version=\"4.14.8\" _module_preset=\"default\" global_colors_info=\"{}\"][et_pb_text _builder_version=\"4.14.8\" _module_preset=\"default\" background_layout=\"dark\" custom_padding=\"60px|40px|24px|40px|false|true\" custom_padding_tablet=\"60px|40px||40px|false|true\" custom_padding_phone=\"20px|20px|0px|20px|false|true\" custom_padding_last_edited=\"on|phone\" global_colors_info=\"{}\"]<h2>Avasta enda jaoks Balmed! <\/h2>[\/et_pb_text][et_pb_text _builder_version=\"4.14.8\" _module_preset=\"default\" background_layout=\"dark\" custom_padding=\"|40px|60px|40px|false|true\" custom_padding_tablet=\"|40px||40px|true|true\" custom_padding_phone=\"|20px|40px|20px|false|true\" custom_padding_last_edited=\"on|phone\" global_colors_info=\"{}\"]Pideva meetodite ja tehnoloogiate t\u00e4iustamisega pakume meditsiiniteenust \u00fcha enamatele inimestele, parandades seel\u00e4bi nende tervist ja elukvaliteeti. \r\n\r\nM\u00fc\u00fcme kaasaegseid seadmeid meditsiiniasutustele ja viime l\u00e4bi kaasaegsete tehnoloogiate koolitusi. \r\n\r\nNende oluliste \u00fclesannete t\u00e4itmiseks vajame tugevat meeskonda. [\/et_pb_text][et_pb_image src=\"https:\/\/balmed.ee\/wp-content\/uploads\/2022\/03\/shutterstock_143707477.jpg\" title_text=\"shutterstock_143707477\" disabled_on=\"off|off|on\" _builder_version=\"4.14.8\" _module_preset=\"default\" global_colors_info=\"{}\"][\/et_pb_image][\/et_pb_column][\/et_pb_row][et_pb_row _builder_version=\"4.14.8\" _module_preset=\"default\" global_colors_info=\"{}\"][et_pb_column type=\"4_4\" _builder_version=\"4.14.7\" _module_preset=\"default\" global_colors_info=\"{}\"][et_pb_text _builder_version=\"4.14.8\" _module_preset=\"default\" global_colors_info=\"{}\"]Iga t\u00f6\u00f6taja toob endaga kaasa oma ainulaadsed anded, omadused, teadmised ja kogemused, olgu siis otsesel kokkupuutel patsientidega v\u00f5i tootmise kulisside taga. Iga p\u00e4ev astume sammu edasi, et leida oma patsientidele veelgi parem lahendus. \r\n\r\nKui see on ka Teie soov, siis liituge meie meeskonnaga! [\/et_pb_text][dvppl_cf7_styler cf7=\"274440\" _builder_version=\"4.14.8\" _module_preset=\"default\" custom_submit_button=\"on\" submit_button_text_color=\"#FFFFFF\" submit_button_bg_color=\"#296FB2\" submit_button_border_color=\"#296FB2\" global_colors_info=\"{}\"][\/dvppl_cf7_styler][\/et_pb_column][\/et_pb_row][et_pb_row _builder_version=\"4.14.8\" _module_preset=\"default\" global_colors_info=\"{}\"][et_pb_column type=\"4_4\" _builder_version=\"4.14.8\" _module_preset=\"default\" global_colors_info=\"{}\"][et_pb_text _builder_version=\"4.14.8\" _module_preset=\"default\" global_colors_info=\"{}\"]<h3>Vabad t\u00f6\u00f6kohad<\/h3>[\/et_pb_text][et_pb_toggle title=\"Klienditeenindaja\" _builder_version=\"4.14.8\" _module_preset=\"default\" hover_enabled=\"0\" global_colors_info=\"{}\" sticky_enabled=\"0\"]<h4>Kas Sina oled see klienditeenindaja, keda vipMedicum otsib?<\/h4>\r\n<strong>Peamised t\u00f6\u00f6\u00fclesanded:<\/strong>\r\n-klientide professionaalne, s\u00f5bralik ja kiire teenindamine\r\n-kassaarveldused\r\n-telefonile ja meilidele vastamine\r\n-ilukliiniku teenuste ja toodete m\u00fc\u00fck\r\n\r\n<strong>Ootused kandidaadile:<\/strong>\r\n-eesti, vene ja inglise keele oskus\r\n-hea suhtlemisoskus\r\n-v\u00e4hemalt 1-aastane kogemus klienditeenindamise valdkonnas\r\n-esinduslik v\u00e4limus\r\n-iseseisvus ja vastutusv\u00f5ime\r\n\r\n<strong>Omalt poolt pakume:<\/strong>\r\n-v\u00e4lja\u00f5pet enne t\u00f6\u00f6le asumist\r\n-paindlikku t\u00f6\u00f6graafikut\r\n-arenemisv\u00f5imalusi\r\n-firmasiseseid soodustusi\r\n-firma\u00fcritusi\r\n-boonuseid lisaks p\u00f5hipalgale[\/et_pb_toggle][et_pb_toggle title=\"Kosmeetik\" _builder_version=\"4.14.8\" _module_preset=\"default\" global_colors_info=\"{}\"]<h4>Esteetilise meditsiini kliinik vipMedicum tegutseb Tallinna kesklinnas juba 13 aastat.<\/h4>\r\n<strong>Peamised t\u00f6\u00f6\u00fclesanded:<\/strong>\r\n-Klientidele kosmeetiliste ja mittekirurgiliste meditsiiniteenuste osutamine ilukliinikus vipMedicum\r\n-Klientide abistamine ja n\u00f5ustamine\r\n-Toodete m\u00fc\u00fck ja tutvustamine \r\n\r\n<strong>N\u00f5udmised kandidaadile:<\/strong>\r\n-Varasem t\u00f6\u00f6kogemus kosmeetikuna\/\u00f5ena\r\n-Meditsiiniline erialane haridus\r\n-Hea suhtlemisoskus ja r\u00f5\u00f5msameelsus\r\n-Kohusetunne, usaldusv\u00e4\u00e4rsus, hea pingetaluvus, paindlikkus ning soov t\u00f6\u00f6tada suures kollektiivis\r\n-Hea eesti, vene ja inglise keele oskus\r\n-Kuulutus aktiive nii naistele kui ka meestele\r\n\r\n <strong>Omalt poolt pakume:<\/strong>\r\n-Kaasaegseid ning mugavaid t\u00f6\u00f6tingimusi kesklinnas\r\n-Firma poolt tasuta parkimisv\u00f5imalusi\r\n-V\u00e4lja\u00f5pe nii kohapeal kui ka v\u00e4lismaal\r\n-Pikaajalist, stabiilset t\u00f6\u00f6suhet\r\n-Eneset\u00e4iendamise v\u00f5imalusi\r\n-Konkurentsiv\u00f5imelist ning garanteeritud p\u00f5hipalka + tulemusliku t\u00f6\u00f6 eest v\u00e4\u00e4rikat boonuspalka[\/et_pb_toggle][et_pb_toggle title=\"Operatsioonide assistent \" _builder_version=\"4.14.8\" _module_preset=\"default\" global_colors_info=\"{}\"]<strong>Peamised t\u00f6\u00f6\u00fclesanded:<\/strong>\r\n- operatsiooni\u00f5e assisteerimine \r\n- meditsiiniliste instrumentide korrashoid\r\n- operatsioonisaali korrashoid \r\n\r\n<strong>Ootused kandidaadile:<\/strong>\r\n- erialane t\u00f6\u00f6kogemus\r\n- eesti ja vene keele oskus \r\n- iseseisvus ja vastutusv\u00f5ime\r\n\r\n <strong>Omalt poolt pakume:<\/strong>\r\n- v\u00e4lja\u00f5pet enne t\u00f6\u00f6le asumist\r\n- paindlikku t\u00f6\u00f6graafikut\r\n- arenemisv\u00f5imalusi\r\n- firmasiseseid soodustusi\r\n- firma\u00fcritusi[\/et_pb_toggle][et_pb_toggle title=\"Meditsiinilise pedik\u00fc\u00fcri spetsialist \" _builder_version=\"4.14.8\" _module_preset=\"default\" global_colors_info=\"{}\"]<strong>Peamised t\u00f6\u00f6\u00fclesanded:<\/strong>\r\n- kvaliteetse pedik\u00fc\u00fcriteenuse pakkumine\r\n- meditsiiniliste instrumentide steriliseerimine  \r\n\r\n<strong>Ootused kandidaadile:<\/strong>\r\n- varasem erialane t\u00f6\u00f6kogemus\r\n- oskus t\u00f6\u00f6tada probleemsete jalgadega\r\n- eesti ja vene keele oskus\r\n- iseseisvus ja vastutusv\u00f5ime\r\n\r\n <strong>Omalt poolt pakume:<\/strong>\r\n- v\u00e4lja\u00f5pet enne t\u00f6\u00f6le asumist\r\n- paindlikku t\u00f6\u00f6graafikut\r\n- arenemisv\u00f5imalusi\r\n- firmasiseseid soodustusi\r\n- firma\u00fcritusi[\/et_pb_toggle][et_pb_toggle title=\"Operatsiooni\u00f5de\" _builder_version=\"4.14.8\" _module_preset=\"default\" global_colors_info=\"{}\"]<strong>Peamised t\u00f6\u00f6\u00fclesanded:<\/strong>\r\n- arsti assisteerimine \r\n- operatsioonij\u00e4rgse kontrolli l\u00e4biviimine\r\n\r\n<strong>Ootused kandidaadile:<\/strong>\r\n- \u00f5endusalane haridus \r\n- erialane t\u00f6\u00f6kogemus\r\n- eesti ja vene keele oskus \r\n- iseseisvus ja vastutusv\u00f5ime\r\n\r\n <strong>Omalt poolt pakume:<\/strong>\r\n- v\u00e4lja\u00f5pet enne t\u00f6\u00f6le asumist\r\n- paindlikku t\u00f6\u00f6graafikut\r\n- arenemisv\u00f5imalusi\r\n- firmasiseseid soodustusi\r\n- firma\u00fcritusi[\/et_pb_toggle][et_pb_toggle title=\"M\u00fc\u00fcgispetsialist\" _builder_version=\"4.14.8\" _module_preset=\"default\" hover_enabled=\"0\" global_colors_info=\"{}\" sticky_enabled=\"0\"]<h4>Otsime oma meeskonda meditsiini- ja esteetiliste seadmete M\u00dc\u00dcGISPETSIALISTI<\/h4>\r\n<strong>Peamised t\u00f6\u00f6\u00fclesanded:<\/strong>\r\n-Suhete toetamine ja arendamine olemasolevate klientidega, potentsiaalsete klientide otsimine Baltikumis\r\n-Seadmete m\u00fc\u00fck, isiklike projektide ja kliendibaasi haldamine \r\n-Abi vajalike seadmete valikul klientidele ettev\u00f5tte avamisel v\u00f5i laiendamisel\r\n\r\n<strong>Ootused kandidaadile:<\/strong>\r\n-Tehniline ja anal\u00fc\u00fctiline m\u00f5tlemine\r\n-Vene, eesti ja inglise keele valdamine (soome keele oskus tuleb kasuks)\r\n-S\u00f5bralikkus ja oskus leida kliendiga \u00fchist keelt\r\n\r\n <strong>Omalt poolt pakume:<\/strong>\r\n-M\u00fc\u00fcgikogemust ja m\u00fc\u00fcgioskuste arendamist rahvusvahelises ettev\u00f5ttes\r\n-Motiveerivat ja konkurentsiv\u00f5imelist boonuss\u00fcsteemi\r\n-T\u00f6\u00f6d Baltikumi \u00fches tuntuimas meditsiiniseadmete m\u00fc\u00fcgi valdkonna ettev\u00f5ttes\r\n-Huvitavat t\u00f6\u00f6d rahvusvahelises keskkonnas koos maailma juhtivate kaubam\u00e4rkidega\r\n-Koolitusi meie partneritelt Itaaliast, Iisraelist, Saksamaalt jne\r\n-T\u00f6\u00f6 meditsiinivaldkonnas on mitmek\u00fclgne ja alati n\u00f5utud \r\n-Boonused teenustele k\u00f5igis meie grupi kliinikutes[\/et_pb_toggle][\/et_pb_column][\/et_pb_row][et_pb_row column_structure=\"1_2,1_2\" _builder_version=\"4.14.8\" _module_preset=\"default\" global_colors_info=\"{}\"][et_pb_column type=\"1_2\" _builder_version=\"4.14.7\" _module_preset=\"default\" global_colors_info=\"{}\"][dvppl_cf7_styler cf7=\"274441\" form_field_padding=\"10px|15px||15px|false|false\" form_label_spacing=\"3px\" module_class=\"vakansy-form\" _builder_version=\"4.14.8\" _module_preset=\"default\" custom_submit_button=\"on\" submit_button_text_color=\"#FFFFFF\" submit_button_bg_color=\"#296FB2\" submit_button_border_color=\"#296FB2\" global_colors_info=\"{}\"][\/dvppl_cf7_styler][\/et_pb_column][et_pb_column type=\"1_2\" _builder_version=\"4.14.7\" _module_preset=\"default\" global_colors_info=\"{}\"][\/et_pb_column][\/et_pb_row][\/et_pb_section]","_et_gb_content_width":"","footnotes":""},"class_list":["post-274656","page","type-page","status-publish","hentry"],"_links":{"self":[{"href":"https:\/\/balmed.ee\/en\/wp-json\/wp\/v2\/pages\/274656","targetHints":{"allow":["GET"]}}],"collection":[{"href":"https:\/\/balmed.ee\/en\/wp-json\/wp\/v2\/pages"}],"about":[{"href":"https:\/\/balmed.ee\/en\/wp-json\/wp\/v2\/types\/page"}],"author":[{"embeddable":true,"href":"https:\/\/balmed.ee\/en\/wp-json\/wp\/v2\/users\/2"}],"replies":[{"embeddable":true,"href":"https:\/\/balmed.ee\/en\/wp-json\/wp\/v2\/comments?post=274656"}],"version-history":[{"count":5,"href":"https:\/\/balmed.ee\/en\/wp-json\/wp\/v2\/pages\/274656\/revisions"}],"predecessor-version":[{"id":275135,"href":"https:\/\/balmed.ee\/en\/wp-json\/wp\/v2\/pages\/274656\/revisions\/275135"}],"wp:attachment":[{"href":"https:\/\/balmed.ee\/en\/wp-json\/wp\/v2\/media?parent=274656"}],"curies":[{"name":"wp","href":"https:\/\/api.w.org\/{rel}","templated":true}]}}